{"id":512,"date":"2017-10-03T13:59:13","date_gmt":"2017-10-03T11:59:13","guid":{"rendered":"https:\/\/automagie.de\/home-entertainment\/?page_id=512"},"modified":"2019-12-14T15:02:05","modified_gmt":"2019-12-14T14:02:05","slug":"impressum","status":"publish","type":"page","link":"https:\/\/automagie.de\/home-entertainment\/impressum\/","title":{"rendered":"Impressum"},"content":{"rendered":"<div class=\"fusion-fullwidth fullwidth-box fusion-builder-row-1 nonhundred-percent-fullwidth non-hundred-percent-height-scrolling\" style=\"background-color: #ffffff;background-position: center center;background-repeat: no-repeat;padding-top:0px;padding-right:0px;padding-bottom:0px;padding-left:0px;margin-bottom: 0px;margin-top: 0px;border-width: 0px 0px 0px 0px;border-color:#eae9e9;border-style:solid;\" ><div class=\"fusion-builder-row fusion-row\"><div class=\"fusion-layout-column fusion_builder_column fusion-builder-column-0 fusion_builder_column_1_1 1_1 fusion-one-full fusion-column-first fusion-column-last\" style=\"margin-top:0px;margin-bottom:0px;\"><div class=\"fusion-column-wrapper fusion-flex-column-wrapper-legacy\" style=\"background-position:left top;background-repeat:no-repeat;-webkit-background-size:cover;-moz-background-size:cover;-o-background-size:cover;background-size:cover;padding: 0px 0px 0px 0px;\"><div class=\"fusion-text fusion-text-1\"><p>Automagie \u2013 Car &amp; Home Entertainment GmbH<br \/>\nWolfsborn 51<br \/>\n66679 Losheim<br \/>\nDeutschland<\/p>\n<p>Tel.: +49 (0)6872 922099<br \/>\nFax: +49 (0)6872 922098<br \/>\nE-Mail: mp@automagie.de<\/p>\n<p>Registergericht: Amtsgericht Saarbr\u00fccken<br \/>\nRegisternummer: HRB 16303<\/p>\n<p>Gesch\u00e4ftsf\u00fchrer: Herr Marcel Pawelczyk<\/p>\n<p>Umsatzsteuer-Identifikationsnummer gem\u00e4\u00df \u00a7 27 a Umsatzsteuergesetz: DE 254158619<\/p>\n<p>Plattform der EU-Kommission zur Online-Streitbeilegung: <a href=\"https:\/\/ec.europa.eu\/consumers\/odr\">https:\/\/ec.europa.eu\/consumers\/odr<\/a><\/p>\n<p>Wir sind zur Teilnahme an einem Streitbeilegungsverfahren vor einer Verbraucherschlichtungsstelle weder verpflichtet noch bereit.<\/p>\n<p>Verantwortliche\/r i.S.d. \u00a7 55 Abs. 2 RStV:<br \/>\nMarcel Pawelczyk, Wolfsborn 51, 66679 Losheim<\/p>\n<h3>Angaben zur Berufshaftpflichtversicherung<\/h3>\n<p>Name und Sitz des Versicherers:<\/p>\n<p>LVM Versicherung<br \/>\nKolde-Ring 21<br \/>\n48151 M\u00fcnster<\/p>\n<p>Geltungsraum der Versicherung:<\/p>\n<p>Gilt in allen L\u00e4ndern innerhalb der\u00a0<em>geografischen<\/em>\u00a0Grenzen\u00a0<em>Europas<\/em><\/p>\n<h3>Haftung f\u00fcr Inhalte<\/h3>\n<p>Als Diensteanbieter sind wir gem\u00e4\u00df \u00a7 7 Abs.1 TMG f\u00fcr eigene Inhalte auf diesen Seiten nach den allgemeinen Gesetzen verantwortlich. Nach \u00a7\u00a7 8 bis 10 TMG sind wir als Diensteanbieter jedoch nicht verpflichtet, \u00fcbermittelte oder gespeicherte fremde Informationen zu \u00fcberwachen oder nach Umst\u00e4nden zu forschen, die auf eine rechtswidrige T\u00e4tigkeit hinweisen.<\/p>\n<p>Verpflichtungen zur Entfernung oder Sperrung der Nutzung von Informationen nach den allgemeinen Gesetzen bleiben hiervon unber\u00fchrt. Eine diesbez\u00fcgliche Haftung ist jedoch erst ab dem Zeitpunkt der Kenntnis einer konkreten Rechtsverletzung m\u00f6glich.<br \/>\nBei Bekanntwerden von entsprechenden Rechtsverletzungen werden wir diese Inhalte umgehend entfernen.<\/p>\n<h3>Haftung f\u00fcr Links<\/h3>\n<p>Unser Angebot enth\u00e4lt Links zu externen Webseiten Dritter, auf deren Inhalte wir keinen Einfluss haben. Deshalb k\u00f6nnen wir f\u00fcr diese fremden Inhalte auch keine Gew\u00e4hr \u00fcbernehmen. F\u00fcr die Inhalte der verlinkten Seiten ist stets der jeweilige Anbieter oder Betreiber der Seiten verantwortlich. Die verlinkten Seiten wurden zum Zeitpunkt der Verlinkung auf m\u00f6gliche Rechtsverst\u00f6\u00dfe \u00fcberpr\u00fcft.<br \/>\nRechtswidrige Inhalte waren zum Zeitpunkt der Verlinkung nicht erkennbar.<\/p>\n<p>Eine permanente inhaltliche Kontrolle der verlinkten Seiten ist jedoch ohne konkrete Anhaltspunkte einer Rechtsverletzung nicht zumutbar. Bei Bekanntwerden von Rechtsverletzungen werden wir derartige Links umgehend entfernen.<\/p>\n<h3>Urheberrecht<\/h3>\n<p>Die durch die Seitenbetreiber erstellten Inhalte und Werke auf diesen Seiten unterliegen dem deutschen Urheberrecht. Die Vervielf\u00e4ltigung, Bearbeitung, Verbreitung und jede Art der Verwertung au\u00dferhalb der Grenzen des Urheberrechtes bed\u00fcrfen der schriftlichen Zustimmung des jeweiligen Autors bzw. Erstellers. Downloads und Kopien dieser Seite sind nur f\u00fcr den privaten, nicht kommerziellen Gebrauch gestattet.<\/p>\n<p>Soweit die Inhalte auf dieser Seite nicht vom Betreiber erstellt wurden, werden die Urheberrechte Dritter beachtet. Insbesondere werden Inhalte Dritter als solche gekennzeichnet. Sollten Sie trotzdem auf eine Urheberrechtsverletzung aufmerksam werden, bitten wir um einen entsprechenden Hinweis. Bei Bekanntwerden von Rechtsverletzungen werden wir derartige Inhalte umgehend entfernen.<\/p>\n<p>Quelle: <a href=\"https:\/\/www.e-recht24.de\">e-recht24.de<\/a><\/p>\n<h3>Konzept &amp; Design:<\/h3>\n<p><a href=\"https:\/\/www.saarbrueckenwebdesign.de\" target=\"_blank\" rel=\"noopener\">Webdesign Tobias Keil &#8211; Saarbr\u00fccken, Saarland<\/a><\/p>\n<\/div><div class=\"fusion-clearfix\"><\/div><\/div><\/div><\/div><\/div>\n","protected":false},"excerpt":{"rendered":"","protected":false},"author":1,"featured_media":0,"parent":0,"menu_order":0,"comment_status":"closed","ping_status":"closed","template":"","meta":[],"yoast_head":"<!-- This site is optimized with the Yoast SEO plugin v19.10 - https:\/\/yoast.com\/wordpress\/plugins\/seo\/ -->\n<title>Impressum - Automagie - Home Entertainment<\/title>\n<meta name=\"robots\" content=\"index, follow, max-snippet:-1, max-image-preview:large, max-video-preview:-1\" \/>\n<link rel=\"canonical\" href=\"https:\/\/automagie.de\/home-entertainment\/impressum\/\" \/>\n<meta property=\"og:locale\" content=\"de_DE\" \/>\n<meta property=\"og:type\" content=\"article\" \/>\n<meta property=\"og:title\" content=\"Impressum - Automagie - Home Entertainment\" \/>\n<meta property=\"og:url\" content=\"https:\/\/automagie.de\/home-entertainment\/impressum\/\" \/>\n<meta property=\"og:site_name\" content=\"Automagie - Home Entertainment\" \/>\n<meta property=\"article:modified_time\" content=\"2019-12-14T14:02:05+00:00\" \/>\n<meta name=\"twitter:card\" content=\"summary_large_image\" \/>\n<meta name=\"twitter:label1\" content=\"Gesch\u00e4tzte Lesezeit\" \/>\n\t<meta name=\"twitter:data1\" content=\"3\u00a0Minuten\" \/>\n<script type=\"application\/ld+json\" class=\"yoast-schema-graph\">{\"@context\":\"https:\/\/schema.org\",\"@graph\":[{\"@type\":\"WebPage\",\"@id\":\"https:\/\/automagie.de\/home-entertainment\/impressum\/\",\"url\":\"https:\/\/automagie.de\/home-entertainment\/impressum\/\",\"name\":\"Impressum - Automagie - Home Entertainment\",\"isPartOf\":{\"@id\":\"https:\/\/automagie.de\/home-entertainment\/#website\"},\"datePublished\":\"2017-10-03T11:59:13+00:00\",\"dateModified\":\"2019-12-14T14:02:05+00:00\",\"breadcrumb\":{\"@id\":\"https:\/\/automagie.de\/home-entertainment\/impressum\/#breadcrumb\"},\"inLanguage\":\"de\",\"potentialAction\":[{\"@type\":\"ReadAction\",\"target\":[\"https:\/\/automagie.de\/home-entertainment\/impressum\/\"]}]},{\"@type\":\"BreadcrumbList\",\"@id\":\"https:\/\/automagie.de\/home-entertainment\/impressum\/#breadcrumb\",\"itemListElement\":[{\"@type\":\"ListItem\",\"position\":1,\"name\":\"Startseite\",\"item\":\"https:\/\/automagie.de\/home-entertainment\/\"},{\"@type\":\"ListItem\",\"position\":2,\"name\":\"Impressum\"}]},{\"@type\":\"WebSite\",\"@id\":\"https:\/\/automagie.de\/home-entertainment\/#website\",\"url\":\"https:\/\/automagie.de\/home-entertainment\/\",\"name\":\"Automagie - Home Entertainment\",\"description\":\"Home Entertainment, Rubriken: Smart Home, Heimkino, Audio-\/Video-Systeme, Haussteuerungstechnik, Alarmtechnik, Video\u00fcberwachung\",\"potentialAction\":[{\"@type\":\"SearchAction\",\"target\":{\"@type\":\"EntryPoint\",\"urlTemplate\":\"https:\/\/automagie.de\/home-entertainment\/?s={search_term_string}\"},\"query-input\":\"required name=search_term_string\"}],\"inLanguage\":\"de\"}]}<\/script>\n<!-- \/ Yoast SEO plugin. -->","yoast_head_json":{"title":"Impressum - Automagie - Home Entertainment","robots":{"index":"index","follow":"follow","max-snippet":"max-snippet:-1","max-image-preview":"max-image-preview:large","max-video-preview":"max-video-preview:-1"},"canonical":"https:\/\/automagie.de\/home-entertainment\/impressum\/","og_locale":"de_DE","og_type":"article","og_title":"Impressum - Automagie - Home Entertainment","og_url":"https:\/\/automagie.de\/home-entertainment\/impressum\/","og_site_name":"Automagie - Home Entertainment","article_modified_time":"2019-12-14T14:02:05+00:00","twitter_card":"summary_large_image","twitter_misc":{"Gesch\u00e4tzte Lesezeit":"3\u00a0Minuten"},"schema":{"@context":"https:\/\/schema.org","@graph":[{"@type":"WebPage","@id":"https:\/\/automagie.de\/home-entertainment\/impressum\/","url":"https:\/\/automagie.de\/home-entertainment\/impressum\/","name":"Impressum - Automagie - Home Entertainment","isPartOf":{"@id":"https:\/\/automagie.de\/home-entertainment\/#website"},"datePublished":"2017-10-03T11:59:13+00:00","dateModified":"2019-12-14T14:02:05+00:00","breadcrumb":{"@id":"https:\/\/automagie.de\/home-entertainment\/impressum\/#breadcrumb"},"inLanguage":"de","potentialAction":[{"@type":"ReadAction","target":["https:\/\/automagie.de\/home-entertainment\/impressum\/"]}]},{"@type":"BreadcrumbList","@id":"https:\/\/automagie.de\/home-entertainment\/impressum\/#breadcrumb","itemListElement":[{"@type":"ListItem","position":1,"name":"Startseite","item":"https:\/\/automagie.de\/home-entertainment\/"},{"@type":"ListItem","position":2,"name":"Impressum"}]},{"@type":"WebSite","@id":"https:\/\/automagie.de\/home-entertainment\/#website","url":"https:\/\/automagie.de\/home-entertainment\/","name":"Automagie - Home Entertainment","description":"Home Entertainment, Rubriken: Smart Home, Heimkino, Audio-\/Video-Systeme, Haussteuerungstechnik, Alarmtechnik, Video\u00fcberwachung","potentialAction":[{"@type":"SearchAction","target":{"@type":"EntryPoint","urlTemplate":"https:\/\/automagie.de\/home-entertainment\/?s={search_term_string}"},"query-input":"required name=search_term_string"}],"inLanguage":"de"}]}},"_links":{"self":[{"href":"https:\/\/automagie.de\/home-entertainment\/wp-json\/wp\/v2\/pages\/512"}],"collection":[{"href":"https:\/\/automagie.de\/home-entertainment\/wp-json\/wp\/v2\/pages"}],"about":[{"href":"https:\/\/automagie.de\/home-entertainment\/wp-json\/wp\/v2\/types\/page"}],"author":[{"embeddable":true,"href":"https:\/\/automagie.de\/home-entertainment\/wp-json\/wp\/v2\/users\/1"}],"replies":[{"embeddable":true,"href":"https:\/\/automagie.de\/home-entertainment\/wp-json\/wp\/v2\/comments?post=512"}],"version-history":[{"count":7,"href":"https:\/\/automagie.de\/home-entertainment\/wp-json\/wp\/v2\/pages\/512\/revisions"}],"predecessor-version":[{"id":570,"href":"https:\/\/automagie.de\/home-entertainment\/wp-json\/wp\/v2\/pages\/512\/revisions\/570"}],"wp:attachment":[{"href":"https:\/\/automagie.de\/home-entertainment\/wp-json\/wp\/v2\/media?parent=512"}],"curies":[{"name":"wp","href":"https:\/\/api.w.org\/{rel}","templated":true}]}}