{"id":228,"date":"2017-04-29T10:25:23","date_gmt":"2017-04-29T08:25:23","guid":{"rendered":"http:\/\/automagie.de\/home-entertainment\/?page_id=228"},"modified":"2017-12-19T21:49:06","modified_gmt":"2017-12-19T20:49:06","slug":"das-unternehmen-neu","status":"publish","type":"page","link":"https:\/\/automagie.de\/home-entertainment\/das-unternehmen-neu\/","title":{"rendered":"Das Unternehmen"},"content":{"rendered":"<p><div class=\"fusion-fullwidth fullwidth-box fusion-builder-row-1 nonhundred-percent-fullwidth non-hundred-percent-height-scrolling\" style=\"background-color: #ffffff;background-position: center center;background-repeat: no-repeat;padding-top:20px;padding-right:0px;padding-bottom:20px;padding-left:0px;margin-bottom: 0px;margin-top: 0px;border-width: 0px 0px 0px 0px;border-color:#eae9e9;border-style:solid;\" ><div class=\"fusion-builder-row fusion-row\"><div class=\"fusion-layout-column fusion_builder_column fusion-builder-column-0 fusion_builder_column_1_2 1_2 fusion-one-half fusion-column-first\" style=\"width:50%;width:calc(50% - ( ( 4% ) * 0.5 ) );margin-right: 4%;margin-top:0px;margin-bottom:20px;\"><div class=\"fusion-column-wrapper fusion-flex-column-wrapper-legacy fusion-empty-column-bg-image fusion-empty-dims-bg-image\" style=\"background-image: url(&#039;http:\/\/automagie.de\/home-entertainment\/wp-content\/uploads\/sites\/2\/2017\/04\/marcel-pawelczyk-foto.1024x1024.jpg&#039;);background-position:center center;background-repeat:no-repeat;-webkit-background-size:cover;-moz-background-size:cover;-o-background-size:cover;background-size:cover;padding: 0px 0px 0px 0px;\" data-bg-url=\"http:\/\/automagie.de\/home-entertainment\/wp-content\/uploads\/sites\/2\/2017\/04\/marcel-pawelczyk-foto.1024x1024.jpg\"><img class=\"fusion-empty-dims-img-placeholder\" src=\"data:image\/gif;base64,R0lGODlhAQABAAAAACH5BAEKAAEALAAAAAABAAEAAAICTAEAOw==\"><div class=\"fusion-clearfix\"><\/div><\/div><\/div><div class=\"fusion-layout-column fusion_builder_column fusion-builder-column-1 fusion_builder_column_1_2 1_2 fusion-one-half fusion-column-last\" style=\"width:50%;width:calc(50% - ( ( 4% ) * 0.5 ) );margin-top:0px;margin-bottom:20px;\"><div class=\"fusion-column-wrapper fusion-flex-column-wrapper-legacy\" style=\"background-position:left top;background-repeat:no-repeat;-webkit-background-size:cover;-moz-background-size:cover;-o-background-size:cover;background-size:cover;padding: 0px 0px 0px 0px;\"><div class=\"fusion-column-content-centered\"><div class=\"fusion-column-content\"><div class=\"fusion-text fusion-text-1\"><p>Im Jahre 1992 nahm ich zum ersten Mal an einem Auto-Hifi-Wettbewerb teil. Irgendwie faszinierte mich das Hobby Auto-Hifi von Anfang an, da in dieser Freizeitgestaltung alle meine Interessen angesprochen wurden: Autos, Musik h\u00f6ren, Hifi-Anlagen und Modellbau. Nach dem ich dann im Jahre 1994 zum ersten Mal die Deutsche Auto-Hifi-Meisterschaft mit dem Auto eines Freundes gewonnen hatte, wollte ich mehr aus meinem Hobby machen und eine Firma gr\u00fcnden. Zu diesem Zeitpunkt war ich noch Student der Elektro-Technik und dachte dabei zuerst nur an eine T\u00e4tigkeit neben meinem Studium. Am 27.12.1994 gr\u00fcndete ich die Firma Automagie in einer kleinen Doppelgarage in dem kleinen Dorf D\u00fcppenweiler im Saarland. Die Beratung, der Verkauf und die professionelle Installation von Auto-Hifi-Komponenten, Navigationssystemen, Freisprechanlagen, Alarmanlagen, Ortungs- und Multi-Media-Systemen sollte mich nun nicht mehr loslassen. Von Anfang an nutzte ich meine erlangten Kenntnisse aus den Teilnahmen an diversen Auto-Hifi-Wettbewerben und nat\u00fcrlich aus dem Studium f\u00fcr die Umsetzung unterschiedlichster individueller Kundenw\u00fcnsche. Dabei legte ich immer gr\u00f6\u00dften Wert auf die klangliche Optimierung der installierten Systeme und entschlo\u00df mich bereits 1995 f\u00fcr den Einsatz modernster PC-gest\u00fctzter Me\u00dftechnik. Was zuerst als eine &#8222;Nebent\u00e4tigkeit&#8220; gedacht war, entwickelte sich somit innerhalb k\u00fcrzester Zeit zu einem Fulltime-Job.<\/p>\n<\/div><\/div><\/div><div class=\"fusion-clearfix\"><\/div><\/div><\/div><\/div><\/div><div class=\"fusion-fullwidth fullwidth-box fusion-builder-row-2 nonhundred-percent-fullwidth non-hundred-percent-height-scrolling fusion-no-small-visibility\" style=\"background-color: #ffffff;background-position: center center;background-repeat: no-repeat;padding-top:20px;padding-right:0px;padding-bottom:20px;padding-left:0px;margin-bottom: 0px;margin-top: 0px;border-width: 0px 0px 0px 0px;border-color:#eae9e9;border-style:solid;\" ><div class=\"fusion-builder-row fusion-row\"><div class=\"fusion-layout-column fusion_builder_column fusion-builder-column-2 fusion_builder_column_1_2 1_2 fusion-one-half fusion-column-first\" style=\"width:50%;width:calc(50% - ( ( 4% ) * 0.5 ) );margin-right: 4%;margin-top:0px;margin-bottom:20px;\"><div class=\"fusion-column-wrapper fusion-flex-column-wrapper-legacy\" style=\"background-position:left top;background-repeat:no-repeat;-webkit-background-size:cover;-moz-background-size:cover;-o-background-size:cover;background-size:cover;padding: 0px 0px 0px 0px;\"><div class=\"fusion-column-content-centered\"><div class=\"fusion-column-content\"><div class=\"fusion-text fusion-text-2\"><p>In den weiteren Jahren folgten zahlreiche Deutsche Meistertitel (1997-2003 und 2007-2009), sowie Europameistertitel (1998, 2001, 2009) und ein RTA-Weltmeistertitel (1997). Durch die zahlreichen Erfolge wurde die Presse und das Fernsehen auf mich aufmerksam, was dazu f\u00fchrte, dass zahlreiche sehr positive Berichte \u00fcber meine Arbeiten ver\u00f6ffentlicht wurden. Einige davon finden Sie auf dieser Seite unter der Rubrik &#8222;Presse&#8220;. Unter anderem durch die anhaltende gute Presse wurde die Auftragslage immer besser und im Jahre 2002 wurden die Grenzen in der kleinen Doppelgarage endg\u00fcltig \u00fcberschritten. Zahlreiche bekannte Firmen aus der Auto-Hifi-Industrie lie\u00dfen mittlerweile Ihre Demo-Fahrzeuge von mir bauen und auch das Endkundengesch\u00e4ft nahm stetig zu. Deshalb entschied ich mich dazu einen Neubau in der Gemeinde Losheim am See in Angriff zu nehmen. Im M\u00e4rz 2003 konnte ich dann die neuen Gesch\u00e4ftsr\u00e4ume und die gro\u00dfz\u00fcgige Werkstatt beziehen. Da bereits vor 2002 das Thema Heimkino bei mir und meinen Kunden eine immer gr\u00f6\u00dfere Bedeutung einnahm, wurde bei diesem Neubau nat\u00fcrlich auch ein entsprechendes Vorf\u00fchrstudio aufgebaut. Auch dieser Gesch\u00e4ftszweig sollte sich in den kommenden Jahren weiter entwickeln. Zu diesem Zeitpunkt konnte ich die anfallenden Aufgaben auch nicht mehr alleine bewerkstelligen und die ersten Angestellten kamen dazu.<\/p>\n<\/div><\/div><\/div><div class=\"fusion-clearfix\"><\/div><\/div><\/div><div class=\"fusion-layout-column fusion_builder_column fusion-builder-column-3 fusion_builder_column_1_2 1_2 fusion-one-half fusion-column-last\" style=\"width:50%;width:calc(50% - ( ( 4% ) * 0.5 ) );margin-top:0px;margin-bottom:20px;\"><div class=\"fusion-column-wrapper fusion-flex-column-wrapper-legacy fusion-empty-column-bg-image fusion-empty-dims-bg-image\" style=\"background-image: url(&#039;http:\/\/automagie.de\/home-entertainment\/wp-content\/uploads\/sites\/2\/2017\/04\/1074549_573549429358586_1571183765_o.jpg&#039;);background-position:center center;background-repeat:no-repeat;-webkit-background-size:cover;-moz-background-size:cover;-o-background-size:cover;background-size:cover;padding: 0px 0px 0px 0px;\" data-bg-url=\"http:\/\/automagie.de\/home-entertainment\/wp-content\/uploads\/sites\/2\/2017\/04\/1074549_573549429358586_1571183765_o.jpg\"><img class=\"fusion-empty-dims-img-placeholder\" src=\"data:image\/gif;base64,R0lGODlhAQABAAAAACH5BAEKAAEALAAAAAABAAEAAAICTAEAOw==\"><div class=\"fusion-clearfix\"><\/div><\/div><\/div><\/div><\/div><div class=\"fusion-fullwidth fullwidth-box fusion-builder-row-3 nonhundred-percent-fullwidth non-hundred-percent-height-scrolling fusion-no-medium-visibility fusion-no-large-visibility\" style=\"background-color: #ffffff;background-position: center center;background-repeat: no-repeat;padding-top:20px;padding-right:0px;padding-bottom:20px;padding-left:0px;margin-bottom: 0px;margin-top: 0px;border-width: 0px 0px 0px 0px;border-color:#eae9e9;border-style:solid;\" ><div class=\"fusion-builder-row fusion-row\"><div class=\"fusion-layout-column fusion_builder_column fusion-builder-column-4 fusion_builder_column_1_2 1_2 fusion-one-half fusion-column-first\" style=\"width:50%;width:calc(50% - ( ( 4% ) * 0.5 ) );margin-right: 4%;margin-top:0px;margin-bottom:20px;\"><div class=\"fusion-column-wrapper fusion-flex-column-wrapper-legacy fusion-empty-column-bg-image fusion-empty-dims-bg-image\" style=\"background-image: url(&#039;http:\/\/automagie.de\/home-entertainment\/wp-content\/uploads\/sites\/2\/2017\/04\/1074549_573549429358586_1571183765_o.jpg&#039;);background-position:center center;background-repeat:no-repeat;-webkit-background-size:cover;-moz-background-size:cover;-o-background-size:cover;background-size:cover;padding: 0px 0px 0px 0px;\" data-bg-url=\"http:\/\/automagie.de\/home-entertainment\/wp-content\/uploads\/sites\/2\/2017\/04\/1074549_573549429358586_1571183765_o.jpg\"><img class=\"fusion-empty-dims-img-placeholder\" src=\"data:image\/gif;base64,R0lGODlhAQABAAAAACH5BAEKAAEALAAAAAABAAEAAAICTAEAOw==\"><div class=\"fusion-clearfix\"><\/div><\/div><\/div><div class=\"fusion-layout-column fusion_builder_column fusion-builder-column-5 fusion_builder_column_1_2 1_2 fusion-one-half fusion-column-last\" style=\"width:50%;width:calc(50% - ( ( 4% ) * 0.5 ) );margin-top:0px;margin-bottom:20px;\"><div class=\"fusion-column-wrapper fusion-flex-column-wrapper-legacy\" style=\"background-position:left top;background-repeat:no-repeat;-webkit-background-size:cover;-moz-background-size:cover;-o-background-size:cover;background-size:cover;padding: 0px 0px 0px 0px;\"><div class=\"fusion-column-content-centered\"><div class=\"fusion-column-content\"><div class=\"fusion-text fusion-text-3\"><p>In den weiteren Jahren folgten zahlreiche Deutsche Meistertitel (1997-2003 und 2007-2009), sowie Europameistertitel (1998, 2001, 2009) und ein RTA-Weltmeistertitel (1997). Durch die zahlreichen Erfolge wurde die Presse und das Fernsehen auf mich aufmerksam, was dazu f\u00fchrte, dass zahlreiche sehr positive Berichte \u00fcber meine Arbeiten ver\u00f6ffentlicht wurden. Einige davon finden Sie auf dieser Seite unter der Rubrik &#8222;Presse&#8220;. Unter anderem durch die anhaltende gute Presse wurde die Auftragslage immer besser und im Jahre 2002 wurden die Grenzen in der kleinen Doppelgarage endg\u00fcltig \u00fcberschritten. Zahlreiche bekannte Firmen aus der Auto-Hifi-Industrie lie\u00dfen mittlerweile Ihre Demo-Fahrzeuge von mir bauen und auch das Endkundengesch\u00e4ft nahm stetig zu. Deshalb entschied ich mich dazu einen Neubau in der Gemeinde Losheim am See in Angriff zu nehmen. Im M\u00e4rz 2003 konnte ich dann die neuen Gesch\u00e4ftsr\u00e4ume und die gro\u00dfz\u00fcgige Werkstatt beziehen. Da bereits vor 2002 das Thema Heimkino bei mir und meinen Kunden eine immer gr\u00f6\u00dfere Bedeutung einnahm, wurde bei diesem Neubau nat\u00fcrlich auch ein entsprechendes Vorf\u00fchrstudio aufgebaut. Auch dieser Gesch\u00e4ftszweig sollte sich in den kommenden Jahren weiter entwickeln. Zu diesem Zeitpunkt konnte ich die anfallenden Aufgaben auch nicht mehr alleine bewerkstelligen und die ersten Angestellten kamen dazu.<\/p>\n<\/div><\/div><\/div><div class=\"fusion-clearfix\"><\/div><\/div><\/div><\/div><\/div><div class=\"fusion-fullwidth fullwidth-box fusion-builder-row-4 nonhundred-percent-fullwidth non-hundred-percent-height-scrolling\" style=\"background-color: #ffffff;background-position: center center;background-repeat: no-repeat;padding-top:20px;padding-right:0px;padding-bottom:20px;padding-left:0px;margin-bottom: 0px;margin-top: 0px;border-width: 0px 0px 0px 0px;border-color:#eae9e9;border-style:solid;\" ><div class=\"fusion-builder-row fusion-row\"><div class=\"fusion-layout-column fusion_builder_column fusion-builder-column-6 fusion_builder_column_1_2 1_2 fusion-one-half fusion-column-first\" style=\"width:50%;width:calc(50% - ( ( 4% ) * 0.5 ) );margin-right: 4%;margin-top:0px;margin-bottom:20px;\"><div class=\"fusion-column-wrapper fusion-flex-column-wrapper-legacy fusion-empty-column-bg-image fusion-empty-dims-bg-image\" style=\"background-image: url(&#039;http:\/\/automagie.de\/home-entertainment\/wp-content\/uploads\/sites\/2\/2017\/04\/177601_441027875944076_1823108471_o-1.jpg&#039;);background-position:center center;background-repeat:no-repeat;-webkit-background-size:cover;-moz-background-size:cover;-o-background-size:cover;background-size:cover;padding: 0px 0px 0px 0px;\" data-bg-url=\"http:\/\/automagie.de\/home-entertainment\/wp-content\/uploads\/sites\/2\/2017\/04\/177601_441027875944076_1823108471_o-1.jpg\"><img class=\"fusion-empty-dims-img-placeholder\" src=\"data:image\/gif;base64,R0lGODlhAQABAAAAACH5BAEKAAEALAAAAAABAAEAAAICTAEAOw==\"><div class=\"fusion-clearfix\"><\/div><\/div><\/div><div class=\"fusion-layout-column fusion_builder_column fusion-builder-column-7 fusion_builder_column_1_2 1_2 fusion-one-half fusion-column-last\" style=\"width:50%;width:calc(50% - ( ( 4% ) * 0.5 ) );margin-top:0px;margin-bottom:20px;\"><div class=\"fusion-column-wrapper fusion-flex-column-wrapper-legacy\" style=\"background-position:left top;background-repeat:no-repeat;-webkit-background-size:cover;-moz-background-size:cover;-o-background-size:cover;background-size:cover;padding: 0px 0px 0px 0px;\"><div class=\"fusion-text fusion-text-4\"><p>Die perfekte Integration im Fahrzeug-Innenraum, sowie die klangliche Optimierung aller Komponenten geh\u00f6rt nach wie vor zu den Spezialaufgaben der Firma Automagie. Aufwendigste Umbauten mit gelaserten und CNC-gefr\u00e4sten Teilen, Sattler- und Schreinerarbeiten, sowie Kunststoff-Formenbau geh\u00f6ren selbstverst\u00e4ndlich dazu. Nur so wird garantiert, dass das Ergebnis selbst h\u00f6chsten Anspr\u00fcchen gen\u00fcgt. Schlie\u00dflich beweist nur ein zufriedener Kunde den Erfolg nachhaltig. Um ein optimales Ergebnis bei der Abstimmung komplexer Auto-Hifi-Anlagen zu erzielen, verwenden wir mittlerweile verschiedenste computergest\u00fctzte Me\u00dfsysteme, mit denen man die Fahrzeugakustik genauestens analysieren kann. Auch die neuesten Fahrzeuge mit ihren integrierten Navigationsl\u00f6sungen k\u00f6nnen mit der richtigen Technik als Steuerzentrale f\u00fcr ein hochwertiges nachger\u00fcstetes Audiosystem genutzt werden. Mittlerweile geh\u00f6ren renommierte Tuner, wie z.B. die Firmen Carlsson und Novitec, sowie bekannte Spitzensportler und weitere Ber\u00fchmtheiten aus der ganzen Welt zu unserem Kundenkreis.<\/p>\n<p>Durch den st\u00e4ndig wachsenden Gesch\u00e4ftsbereich Hausautomatisation, Multi-Room und Heimkino werden wir in K\u00fcrze unsere Internetpr\u00e4senz erweitern, um unseren Kunden auch in diesem Bereich einige Installationsbeispiele online zu zeigen<\/p>\n<\/div><div class=\"fusion-clearfix\"><\/div><\/div><\/div><\/div><\/div><\/p>\n","protected":false},"excerpt":{"rendered":"","protected":false},"author":1,"featured_media":0,"parent":0,"menu_order":0,"comment_status":"closed","ping_status":"closed","template":"100-width.php","meta":[],"yoast_head":"<!-- This site is optimized with the Yoast SEO plugin v19.10 - https:\/\/yoast.com\/wordpress\/plugins\/seo\/ -->\n<title>Das Unternehmen - Automagie - Home Entertainment<\/title>\n<meta name=\"robots\" content=\"index, follow, max-snippet:-1, max-image-preview:large, max-video-preview:-1\" \/>\n<link rel=\"canonical\" href=\"https:\/\/automagie.de\/home-entertainment\/das-unternehmen-neu\/\" \/>\n<meta property=\"og:locale\" content=\"de_DE\" \/>\n<meta property=\"og:type\" content=\"article\" \/>\n<meta property=\"og:title\" content=\"Das Unternehmen - Automagie - Home Entertainment\" \/>\n<meta property=\"og:url\" content=\"https:\/\/automagie.de\/home-entertainment\/das-unternehmen-neu\/\" \/>\n<meta property=\"og:site_name\" content=\"Automagie - Home Entertainment\" \/>\n<meta property=\"article:modified_time\" content=\"2017-12-19T20:49:06+00:00\" \/>\n<meta name=\"twitter:card\" content=\"summary_large_image\" \/>\n<meta name=\"twitter:label1\" content=\"Gesch\u00e4tzte Lesezeit\" \/>\n\t<meta name=\"twitter:data1\" content=\"8\u00a0Minuten\" \/>\n<script type=\"application\/ld+json\" class=\"yoast-schema-graph\">{\"@context\":\"https:\/\/schema.org\",\"@graph\":[{\"@type\":\"WebPage\",\"@id\":\"https:\/\/automagie.de\/home-entertainment\/das-unternehmen-neu\/\",\"url\":\"https:\/\/automagie.de\/home-entertainment\/das-unternehmen-neu\/\",\"name\":\"Das Unternehmen - Automagie - Home Entertainment\",\"isPartOf\":{\"@id\":\"https:\/\/automagie.de\/home-entertainment\/#website\"},\"datePublished\":\"2017-04-29T08:25:23+00:00\",\"dateModified\":\"2017-12-19T20:49:06+00:00\",\"breadcrumb\":{\"@id\":\"https:\/\/automagie.de\/home-entertainment\/das-unternehmen-neu\/#breadcrumb\"},\"inLanguage\":\"de\",\"potentialAction\":[{\"@type\":\"ReadAction\",\"target\":[\"https:\/\/automagie.de\/home-entertainment\/das-unternehmen-neu\/\"]}]},{\"@type\":\"BreadcrumbList\",\"@id\":\"https:\/\/automagie.de\/home-entertainment\/das-unternehmen-neu\/#breadcrumb\",\"itemListElement\":[{\"@type\":\"ListItem\",\"position\":1,\"name\":\"Startseite\",\"item\":\"https:\/\/automagie.de\/home-entertainment\/\"},{\"@type\":\"ListItem\",\"position\":2,\"name\":\"Das Unternehmen\"}]},{\"@type\":\"WebSite\",\"@id\":\"https:\/\/automagie.de\/home-entertainment\/#website\",\"url\":\"https:\/\/automagie.de\/home-entertainment\/\",\"name\":\"Automagie - Home Entertainment\",\"description\":\"Home Entertainment, Rubriken: Smart Home, Heimkino, Audio-\/Video-Systeme, Haussteuerungstechnik, Alarmtechnik, Video\u00fcberwachung\",\"potentialAction\":[{\"@type\":\"SearchAction\",\"target\":{\"@type\":\"EntryPoint\",\"urlTemplate\":\"https:\/\/automagie.de\/home-entertainment\/?s={search_term_string}\"},\"query-input\":\"required name=search_term_string\"}],\"inLanguage\":\"de\"}]}<\/script>\n<!-- \/ Yoast SEO plugin. -->","yoast_head_json":{"title":"Das Unternehmen - Automagie - Home Entertainment","robots":{"index":"index","follow":"follow","max-snippet":"max-snippet:-1","max-image-preview":"max-image-preview:large","max-video-preview":"max-video-preview:-1"},"canonical":"https:\/\/automagie.de\/home-entertainment\/das-unternehmen-neu\/","og_locale":"de_DE","og_type":"article","og_title":"Das Unternehmen - Automagie - Home Entertainment","og_url":"https:\/\/automagie.de\/home-entertainment\/das-unternehmen-neu\/","og_site_name":"Automagie - Home Entertainment","article_modified_time":"2017-12-19T20:49:06+00:00","twitter_card":"summary_large_image","twitter_misc":{"Gesch\u00e4tzte Lesezeit":"8\u00a0Minuten"},"schema":{"@context":"https:\/\/schema.org","@graph":[{"@type":"WebPage","@id":"https:\/\/automagie.de\/home-entertainment\/das-unternehmen-neu\/","url":"https:\/\/automagie.de\/home-entertainment\/das-unternehmen-neu\/","name":"Das Unternehmen - Automagie - Home Entertainment","isPartOf":{"@id":"https:\/\/automagie.de\/home-entertainment\/#website"},"datePublished":"2017-04-29T08:25:23+00:00","dateModified":"2017-12-19T20:49:06+00:00","breadcrumb":{"@id":"https:\/\/automagie.de\/home-entertainment\/das-unternehmen-neu\/#breadcrumb"},"inLanguage":"de","potentialAction":[{"@type":"ReadAction","target":["https:\/\/automagie.de\/home-entertainment\/das-unternehmen-neu\/"]}]},{"@type":"BreadcrumbList","@id":"https:\/\/automagie.de\/home-entertainment\/das-unternehmen-neu\/#breadcrumb","itemListElement":[{"@type":"ListItem","position":1,"name":"Startseite","item":"https:\/\/automagie.de\/home-entertainment\/"},{"@type":"ListItem","position":2,"name":"Das Unternehmen"}]},{"@type":"WebSite","@id":"https:\/\/automagie.de\/home-entertainment\/#website","url":"https:\/\/automagie.de\/home-entertainment\/","name":"Automagie - Home Entertainment","description":"Home Entertainment, Rubriken: Smart Home, Heimkino, Audio-\/Video-Systeme, Haussteuerungstechnik, Alarmtechnik, Video\u00fcberwachung","potentialAction":[{"@type":"SearchAction","target":{"@type":"EntryPoint","urlTemplate":"https:\/\/automagie.de\/home-entertainment\/?s={search_term_string}"},"query-input":"required name=search_term_string"}],"inLanguage":"de"}]}},"_links":{"self":[{"href":"https:\/\/automagie.de\/home-entertainment\/wp-json\/wp\/v2\/pages\/228"}],"collection":[{"href":"https:\/\/automagie.de\/home-entertainment\/wp-json\/wp\/v2\/pages"}],"about":[{"href":"https:\/\/automagie.de\/home-entertainment\/wp-json\/wp\/v2\/types\/page"}],"author":[{"embeddable":true,"href":"https:\/\/automagie.de\/home-entertainment\/wp-json\/wp\/v2\/users\/1"}],"replies":[{"embeddable":true,"href":"https:\/\/automagie.de\/home-entertainment\/wp-json\/wp\/v2\/comments?post=228"}],"version-history":[{"count":15,"href":"https:\/\/automagie.de\/home-entertainment\/wp-json\/wp\/v2\/pages\/228\/revisions"}],"predecessor-version":[{"id":553,"href":"https:\/\/automagie.de\/home-entertainment\/wp-json\/wp\/v2\/pages\/228\/revisions\/553"}],"wp:attachment":[{"href":"https:\/\/automagie.de\/home-entertainment\/wp-json\/wp\/v2\/media?parent=228"}],"curies":[{"name":"wp","href":"https:\/\/api.w.org\/{rel}","templated":true}]}}