{"id":10888,"date":"2017-03-16T22:46:01","date_gmt":"2017-03-16T21:46:01","guid":{"rendered":"http:\/\/automagie.de\/car-entertainment\/?page_id=10888"},"modified":"2017-12-11T19:50:19","modified_gmt":"2017-12-11T18:50:19","slug":"kontakt","status":"publish","type":"page","link":"https:\/\/automagie.de\/car-entertainment\/kontakt\/","title":{"rendered":"Kontakt"},"content":{"rendered":"<p><div class=\"fusion-bg-parallax\" data-bg-align=\"center center\" data-direction=\"up\" data-mute=\"false\" data-opacity=\"100\" data-velocity=\"-0.4\" data-mobile-enabled=\"false\" data-break_parents=\"0\" data-bg-image=\"http:\/\/automagie.de\/car-entertainment\/wp-content\/uploads\/sites\/3\/2017\/03\/unnamed-2.jpg\" data-bg-repeat=\"false\" data-bg-color=\"#2b313c\" ><\/div><div class=\"fusion-fullwidth fullwidth-box fusion-builder-row-1 fusion-parallax-up nonhundred-percent-fullwidth non-hundred-percent-height-scrolling\" style=\"background-color: #2b313c;background-image: url(&quot;http:\/\/automagie.de\/car-entertainment\/wp-content\/uploads\/sites\/3\/2017\/03\/unnamed-2.jpg&quot;);background-position: center center;background-repeat: no-repeat;padding-top:110px;padding-right:0px;padding-bottom:85px;padding-left:0px;margin-bottom: 0px;margin-top: 0px;border-width: 0px 0px 0px 0px;border-color:#eae9e9;border-style:solid;-webkit-background-size:cover;-moz-background-size:cover;-o-background-size:cover;background-size:cover;\" ><div class=\"fusion-builder-row fusion-row\"><div class=\"fusion-layout-column fusion_builder_column fusion-builder-column-0 fusion_builder_column_1_3 1_3 fusion-one-third fusion-column-first\" style=\"width:30.6666%; margin-right: 4%;margin-top:0px;margin-bottom:20px;\"><div class=\"fusion-column-wrapper fusion-flex-column-wrapper-legacy\" style=\"background-position:left top;background-repeat:no-repeat;-webkit-background-size:cover;-moz-background-size:cover;-o-background-size:cover;background-size:cover;padding: 0px 0px 0px 0px;\"><div class=\"fusion-text fusion-text-1\"><div class=\"fusion-text\">\n<p><span style=\"color: #ffffff;\">Nehmen Sie Kontakt auf<\/span><\/p>\n<hr \/>\n<\/div>\n<div class=\"fusion-text\">\n<p><span style=\"color: #ffffff;\">F\u00fcr n\u00e4here Informationen und Anfragen k\u00f6nnen Sie sich jeder Zeit an uns wenden.<\/span><\/p>\n<\/div>\n<\/div><div class=\"fusion-sep-clear\"><\/div><div class=\"fusion-separator fusion-full-width-sep\" style=\"margin-left: auto;margin-right: auto;margin-top:40px;width:100%;\"><\/div><div class=\"fusion-sep-clear\"><\/div><div class=\"fusion-social-links fusion-social-links-1\"><div class=\"fusion-social-networks\"><div class=\"fusion-social-networks-wrapper\"><a class=\"fusion-social-network-icon fusion-tooltip fusion-facebook awb-icon-facebook\" style=\"color:#bebdbd;font-size:16px;\" data-placement=\"top\" data-title=\"Facebook\" data-toggle=\"tooltip\" title=\"Facebook\" aria-label=\"facebook\" target=\"_blank\" rel=\"noopener noreferrer\" href=\"#\"><\/a><a class=\"fusion-social-network-icon fusion-tooltip fusion-twitter awb-icon-twitter\" style=\"color:#bebdbd;font-size:16px;\" data-placement=\"top\" data-title=\"Twitter\" data-toggle=\"tooltip\" title=\"Twitter\" aria-label=\"twitter\" target=\"_blank\" rel=\"noopener noreferrer\" href=\"#\"><\/a><a class=\"fusion-social-network-icon fusion-tooltip fusion-youtube awb-icon-youtube\" style=\"color:#bebdbd;font-size:16px;\" data-placement=\"top\" data-title=\"YouTube\" data-toggle=\"tooltip\" title=\"YouTube\" aria-label=\"youtube\" target=\"_blank\" rel=\"noopener noreferrer\" href=\"#\"><\/a><a class=\"fusion-social-network-icon fusion-tooltip fusion-vimeo awb-icon-vimeo\" style=\"color:#bebdbd;font-size:16px;\" data-placement=\"top\" data-title=\"Vimeo\" data-toggle=\"tooltip\" title=\"Vimeo\" aria-label=\"vimeo\" target=\"_blank\" rel=\"noopener noreferrer\" href=\"#\"><\/a><\/div><\/div><\/div><style type=\"text\/css\">.fusion-social-links-1 .boxed-icons .fusion-social-network-icon{border-top-width:0px !important;border-right-width:0px !important;border-bottom-width:0px !important;border-left-width:0px !important;border-color:var(--awb-color3) !important;}.fusion-social-links-1 .boxed-icons .fusion-social-network-icon:hover{background-color:rgba(232,232,232,0.8) !important;border-color:var(--awb-color4) !important;}.fusion-social-links-1 .fusion-social-network-icon:hover{color:rgba(190,189,189,0.8) !important;}.fusion-social-links-1{ margin-top : 0px;margin-right : 0px;margin-bottom : 0px;margin-left : 0px;}<\/style><div class=\"fusion-clearfix\"><\/div><\/div><\/div><div class=\"fusion-layout-column fusion_builder_column fusion-builder-column-1 fusion_builder_column_2_3 2_3 fusion-two-third fusion-column-last\" style=\"width:65.3333%;margin-top:0px;margin-bottom:20px;\"><div class=\"fusion-column-wrapper fusion-flex-column-wrapper-legacy\" style=\"background-position:left top;background-repeat:no-repeat;-webkit-background-size:cover;-moz-background-size:cover;-o-background-size:cover;background-size:cover;padding: 0px 0px 0px 0px;\">[contact-form-7 id=\"10907\" title=\"Kontakt\"]<div class=\"fusion-clearfix\"><\/div><\/div><\/div><\/div><\/div><div class=\"fusion-fullwidth fullwidth-box fusion-builder-row-2 hundred-percent-fullwidth non-hundred-percent-height-scrolling fusion-equal-height-columns\" style=\"background-color: rgba(255,255,255,0);background-position: left top;background-repeat: no-repeat;padding-top:50px;padding-right:0px;padding-bottom:0px;padding-left:0px;margin-bottom: 0px;margin-top: 0px;border-width: 0px 0px 0px 0px;border-color:#eae9e9;border-style:solid;\" ><div class=\"fusion-builder-row fusion-row\"><div class=\"fusion-layout-column fusion_builder_column fusion-builder-column-2 fusion_builder_column_1_2 1_2 fusion-one-half fusion-column-first\" style=\"margin-top:0px;margin-bottom:0px;\"><div class=\"fusion-column-wrapper fusion-flex-column-wrapper-legacy\" style=\"background-position:left top;background-repeat:no-repeat;-webkit-background-size:cover;-moz-background-size:cover;-o-background-size:cover;background-size:cover;padding: 0px 50px 0px 50px;\"><iframe src=\"https:\/\/www.google.com\/maps\/embed?pb=!1m18!1m12!1m3!1d12323.722449015666!2d6.7523822885988025!3d49.508237525740654!2m3!1f0!2f0!3f0!3m2!1i1024!2i768!4f13.1!3m3!1m2!1s0x47959fe8ab71c927%3A0xba175f7c8ab01104!2sWolfsborn+51%2C+66679+Losheim+am+See!5e0!3m2!1sde!2sde!4v1494969922096\" width=\"100%\" height=\"580\" frameborder=\"0\" style=\"border:0\" allowfullscreen><\/iframe><div class=\"fusion-clearfix\"><\/div><\/div><\/div><div class=\"fusion-layout-column fusion_builder_column fusion-builder-column-3 fusion_builder_column_1_4 1_4 fusion-one-fourth\" style=\"margin-top:0px;margin-bottom:0px;\"><div class=\"fusion-column-wrapper fusion-flex-column-wrapper-legacy\" style=\"background-position:left top;background-repeat:no-repeat;-webkit-background-size:cover;-moz-background-size:cover;-o-background-size:cover;background-size:cover;padding: 70px 100px 70px 100px;\"><div class=\"fusion-text fusion-text-2\"><h3 style=\"text-align: center;\">\u00d6ffnungszeiten<\/h3>\n<\/div><div class=\"fusion-sep-clear\"><\/div><div class=\"fusion-separator\" style=\"margin-left: auto;margin-right: auto;margin-top:0px;margin-bottom:40px;width:100%;max-width:50%;\"><div class=\"fusion-separator-border sep-single sep-solid\" style=\"border-color:#333333;border-top-width:1px;\"><\/div><\/div><div class=\"fusion-sep-clear\"><\/div><div class=\"fusion-text fusion-text-3\"><p style=\"text-align: center; font-size: 14px;\">Montag \u2013 Freitag<\/p>\n<p style=\"text-align: center; font-size: 14px;\"><span style=\"color: #999999;\">von 9.00 bis 13.00 Uhr und 14 bis 18Uhr<\/span><\/p>\n<p style=\"text-align: center; font-size: 14px;\">Samstags<\/p>\n<p style=\"text-align: center; font-size: 14px;\"><span style=\"color: #999999;\">von 9.00 Uhr bis 13.00 Uhr<\/span><\/p>\n<\/div><div class=\"fusion-sep-clear\"><\/div><div class=\"fusion-separator\" style=\"margin-left: auto;margin-right: auto;margin-top:25px;width:100%;max-width:170px;\"><\/div><div class=\"fusion-sep-clear\"><\/div><div class=\"fusion-text fusion-text-4\"><h3 style=\"text-align: center;\">Email<\/h3>\n<\/div><div class=\"fusion-sep-clear\"><\/div><div class=\"fusion-separator\" style=\"margin-left: auto;margin-right: auto;margin-top:0px;margin-bottom:40px;width:100%;max-width:50%;\"><div class=\"fusion-separator-border sep-single sep-solid\" style=\"border-color:#333333;border-top-width:1px;\"><\/div><\/div><div class=\"fusion-sep-clear\"><\/div><div class=\"fusion-text fusion-text-5\"><p style=\"text-align: center; letter-spacing: 2px; font-size: 14px;\"><a href=\"mailto:mp@automagie.de\">mp@automagie.de<\/a><\/p>\n<\/div><div class=\"fusion-clearfix\"><\/div><\/div><\/div><div class=\"fusion-layout-column fusion_builder_column fusion-builder-column-4 fusion_builder_column_1_4 1_4 fusion-one-fourth fusion-column-last\" style=\"width:22%;margin-top:0px;margin-bottom:20px;\"><div class=\"fusion-column-wrapper fusion-flex-column-wrapper-legacy\" style=\"background-position:left top;background-repeat:no-repeat;-webkit-background-size:cover;-moz-background-size:cover;-o-background-size:cover;background-size:cover;padding: 70px 100px 70px 100px;\"><div class=\"fusion-text fusion-text-6\"><h3 style=\"text-align: center;\">Adresse<\/h3>\n<\/div><div class=\"fusion-sep-clear\"><\/div><div class=\"fusion-separator\" style=\"margin-left: auto;margin-right: auto;margin-top:0px;margin-bottom:40px;width:100%;max-width:50%;\"><div class=\"fusion-separator-border sep-single sep-solid\" style=\"border-color:#333333;border-top-width:1px;\"><\/div><\/div><div class=\"fusion-sep-clear\"><\/div><div class=\"fusion-text fusion-text-7\"><p style=\"text-align: center; font-size: 14px;\">Automagie<\/p>\n<p style=\"text-align: center; font-size: 14px;\">Car &amp; Home Entertainment GmbH<\/p>\n<p style=\"text-align: center; font-size: 14px;\">Wolfsborn 51<\/p>\n<p style=\"text-align: center; font-size: 14px;\">66679 Losheim<\/p>\n<\/div><div class=\"fusion-sep-clear\"><\/div><div class=\"fusion-separator\" style=\"margin-left: auto;margin-right: auto;margin-top:25px;width:100%;max-width:170px;\"><\/div><div class=\"fusion-sep-clear\"><\/div><div class=\"fusion-text fusion-text-8\"><h3 style=\"text-align: center;\">Kontakt<\/h3>\n<\/div><div class=\"fusion-sep-clear\"><\/div><div class=\"fusion-separator\" style=\"margin-left: auto;margin-right: auto;margin-top:0px;margin-bottom:40px;width:100%;max-width:50%;\"><div class=\"fusion-separator-border sep-single sep-solid\" style=\"border-color:#333333;border-top-width:1px;\"><\/div><\/div><div class=\"fusion-sep-clear\"><\/div><div class=\"fusion-text fusion-text-9\"><p style=\"text-align: center; font-size: 14px;\"><a href=\"tel:+496872922099\">Tel: +49 6872 922099<\/a><\/p>\n<p style=\"text-align: center; font-size: 14px;\">Fax: +49 6872 922098<\/p>\n<\/div><div class=\"fusion-clearfix\"><\/div><\/div><\/div><\/div><\/div><\/p>\n","protected":false},"excerpt":{"rendered":"","protected":false},"author":1,"featured_media":0,"parent":0,"menu_order":0,"comment_status":"closed","ping_status":"closed","template":"100-width.php","meta":[],"yoast_head":"<!-- This site is optimized with the Yoast SEO plugin v19.10 - https:\/\/yoast.com\/wordpress\/plugins\/seo\/ -->\n<title>Kontakt - Automagie - Car Entertainment<\/title>\n<meta name=\"robots\" content=\"index, follow, max-snippet:-1, max-image-preview:large, max-video-preview:-1\" \/>\n<link rel=\"canonical\" href=\"https:\/\/automagie.de\/car-entertainment\/kontakt\/\" \/>\n<meta property=\"og:locale\" content=\"de_DE\" \/>\n<meta property=\"og:type\" content=\"article\" \/>\n<meta property=\"og:title\" content=\"Kontakt - Automagie - Car Entertainment\" \/>\n<meta property=\"og:url\" content=\"https:\/\/automagie.de\/car-entertainment\/kontakt\/\" \/>\n<meta property=\"og:site_name\" content=\"Automagie - Car Entertainment\" \/>\n<meta property=\"article:modified_time\" content=\"2017-12-11T18:50:19+00:00\" \/>\n<meta name=\"twitter:card\" content=\"summary_large_image\" \/>\n<meta name=\"twitter:label1\" content=\"Gesch\u00e4tzte Lesezeit\" \/>\n\t<meta name=\"twitter:data1\" content=\"4\u00a0Minuten\" \/>\n<script type=\"application\/ld+json\" class=\"yoast-schema-graph\">{\"@context\":\"https:\/\/schema.org\",\"@graph\":[{\"@type\":\"WebPage\",\"@id\":\"https:\/\/automagie.de\/car-entertainment\/kontakt\/\",\"url\":\"https:\/\/automagie.de\/car-entertainment\/kontakt\/\",\"name\":\"Kontakt - Automagie - Car Entertainment\",\"isPartOf\":{\"@id\":\"https:\/\/automagie.de\/car-entertainment\/#website\"},\"datePublished\":\"2017-03-16T21:46:01+00:00\",\"dateModified\":\"2017-12-11T18:50:19+00:00\",\"breadcrumb\":{\"@id\":\"https:\/\/automagie.de\/car-entertainment\/kontakt\/#breadcrumb\"},\"inLanguage\":\"de\",\"potentialAction\":[{\"@type\":\"ReadAction\",\"target\":[\"https:\/\/automagie.de\/car-entertainment\/kontakt\/\"]}]},{\"@type\":\"BreadcrumbList\",\"@id\":\"https:\/\/automagie.de\/car-entertainment\/kontakt\/#breadcrumb\",\"itemListElement\":[{\"@type\":\"ListItem\",\"position\":1,\"name\":\"Startseite\",\"item\":\"https:\/\/automagie.de\/car-entertainment\/\"},{\"@type\":\"ListItem\",\"position\":2,\"name\":\"Kontakt\"}]},{\"@type\":\"WebSite\",\"@id\":\"https:\/\/automagie.de\/car-entertainment\/#website\",\"url\":\"https:\/\/automagie.de\/car-entertainment\/\",\"name\":\"Automagie - Car Entertainment\",\"description\":\"Eine weitere Automagie Websites Website\",\"potentialAction\":[{\"@type\":\"SearchAction\",\"target\":{\"@type\":\"EntryPoint\",\"urlTemplate\":\"https:\/\/automagie.de\/car-entertainment\/?s={search_term_string}\"},\"query-input\":\"required name=search_term_string\"}],\"inLanguage\":\"de\"}]}<\/script>\n<!-- \/ Yoast SEO plugin. -->","yoast_head_json":{"title":"Kontakt - Automagie - Car Entertainment","robots":{"index":"index","follow":"follow","max-snippet":"max-snippet:-1","max-image-preview":"max-image-preview:large","max-video-preview":"max-video-preview:-1"},"canonical":"https:\/\/automagie.de\/car-entertainment\/kontakt\/","og_locale":"de_DE","og_type":"article","og_title":"Kontakt - Automagie - Car Entertainment","og_url":"https:\/\/automagie.de\/car-entertainment\/kontakt\/","og_site_name":"Automagie - Car Entertainment","article_modified_time":"2017-12-11T18:50:19+00:00","twitter_card":"summary_large_image","twitter_misc":{"Gesch\u00e4tzte Lesezeit":"4\u00a0Minuten"},"schema":{"@context":"https:\/\/schema.org","@graph":[{"@type":"WebPage","@id":"https:\/\/automagie.de\/car-entertainment\/kontakt\/","url":"https:\/\/automagie.de\/car-entertainment\/kontakt\/","name":"Kontakt - Automagie - Car Entertainment","isPartOf":{"@id":"https:\/\/automagie.de\/car-entertainment\/#website"},"datePublished":"2017-03-16T21:46:01+00:00","dateModified":"2017-12-11T18:50:19+00:00","breadcrumb":{"@id":"https:\/\/automagie.de\/car-entertainment\/kontakt\/#breadcrumb"},"inLanguage":"de","potentialAction":[{"@type":"ReadAction","target":["https:\/\/automagie.de\/car-entertainment\/kontakt\/"]}]},{"@type":"BreadcrumbList","@id":"https:\/\/automagie.de\/car-entertainment\/kontakt\/#breadcrumb","itemListElement":[{"@type":"ListItem","position":1,"name":"Startseite","item":"https:\/\/automagie.de\/car-entertainment\/"},{"@type":"ListItem","position":2,"name":"Kontakt"}]},{"@type":"WebSite","@id":"https:\/\/automagie.de\/car-entertainment\/#website","url":"https:\/\/automagie.de\/car-entertainment\/","name":"Automagie - Car Entertainment","description":"Eine weitere Automagie Websites Website","potentialAction":[{"@type":"SearchAction","target":{"@type":"EntryPoint","urlTemplate":"https:\/\/automagie.de\/car-entertainment\/?s={search_term_string}"},"query-input":"required name=search_term_string"}],"inLanguage":"de"}]}},"_links":{"self":[{"href":"https:\/\/automagie.de\/car-entertainment\/wp-json\/wp\/v2\/pages\/10888"}],"collection":[{"href":"https:\/\/automagie.de\/car-entertainment\/wp-json\/wp\/v2\/pages"}],"about":[{"href":"https:\/\/automagie.de\/car-entertainment\/wp-json\/wp\/v2\/types\/page"}],"author":[{"embeddable":true,"href":"https:\/\/automagie.de\/car-entertainment\/wp-json\/wp\/v2\/users\/1"}],"replies":[{"embeddable":true,"href":"https:\/\/automagie.de\/car-entertainment\/wp-json\/wp\/v2\/comments?post=10888"}],"version-history":[{"count":64,"href":"https:\/\/automagie.de\/car-entertainment\/wp-json\/wp\/v2\/pages\/10888\/revisions"}],"predecessor-version":[{"id":12177,"href":"https:\/\/automagie.de\/car-entertainment\/wp-json\/wp\/v2\/pages\/10888\/revisions\/12177"}],"wp:attachment":[{"href":"https:\/\/automagie.de\/car-entertainment\/wp-json\/wp\/v2\/media?parent=10888"}],"curies":[{"name":"wp","href":"https:\/\/api.w.org\/{rel}","templated":true}]}}