{"id":10727,"date":"2017-03-01T21:13:03","date_gmt":"2017-03-01T20:13:03","guid":{"rendered":"http:\/\/automagie.de\/car-entertainment\/?page_id=10727"},"modified":"2017-08-12T20:49:16","modified_gmt":"2017-08-12T18:49:16","slug":"ueber-uns","status":"publish","type":"page","link":"https:\/\/automagie.de\/car-entertainment\/ueber-uns\/","title":{"rendered":"Das Unternehmen"},"content":{"rendered":"<p><div class=\"fusion-fullwidth fullwidth-box fusion-builder-row-1 fusion-parallax-none hundred-percent-fullwidth non-hundred-percent-height-scrolling\" style=\"background-color: rgba(255,255,255,0);background-image: url(&quot;https:\/\/automagie.de\/car-entertainment\/wp-content\/uploads\/sites\/3\/2017\/08\/Ferrari-F12-N-Largo.jpg&quot;);background-position: center center;background-repeat: no-repeat;padding-top:200px;padding-right:0px;padding-bottom:200px;padding-left:0px;margin-bottom: 0px;margin-top: 0px;border-width: 0px 0px 0px 0px;border-color:#eae9e9;border-style:solid;-webkit-background-size:cover;-moz-background-size:cover;-o-background-size:cover;background-size:cover;\" ><div class=\"fusion-builder-row fusion-row\"><div class=\"fusion-layout-column fusion_builder_column fusion-builder-column-0 fusion_builder_column_1_3 1_3 fusion-one-third fusion-column-first\" style=\"width:33.333333333333%;width:calc(33.333333333333% - ( ( 4% ) * 0.33333333333333 ) );margin-right: 4%;margin-top:0px;margin-bottom:20px;\"><div class=\"fusion-column-wrapper fusion-flex-column-wrapper-legacy\" style=\"background-position:left top;background-repeat:no-repeat;-webkit-background-size:cover;-moz-background-size:cover;-o-background-size:cover;background-size:cover;background-color:rgba(0,0,0,0.6);padding: 20px 20px 20px 20px;\"><div class=\"fusion-text fusion-text-1\"><p style=\"text-align: center;\"><span style=\"font-size: larger;\">Die perfekte Integration im<br \/>\nFahrzeug-Innenraum, sowie<br \/>\ndie klangliche Optimierung<br \/>\naller Komponenten geh\u00f6rt<br \/>\nnach wie vor zu den<br \/>\nSpezialaufgaben der Firma Automagie.<\/span><br \/>\n<span style=\"font-size: larger;\"><br \/>\nAufwendigste Umbauten mit<br \/>\ngelaserten und CNC-gefr\u00e4sten Teilen,<br \/>\nSattler- und Schreinerarbeiten,<br \/>\nsowie Kunststoff-Formenbau geh\u00f6ren<br \/>\nselbstverst\u00e4ndlich dazu.<\/span><br \/>\n<span style=\"font-size: larger;\"><br \/>\nNur so wird garantiert, dass das<br \/>\nErgebnis selbst h\u00f6chsten<br \/>\nAnspr\u00fcchen gen\u00fcgt. Schlie\u00dflich<br \/>\nbeweist nur ein zufriedener<br \/>\nKunde den Erfolg nachhaltig.<\/span><\/p>\n<\/div><div class=\"fusion-clearfix\"><\/div><\/div><\/div><div class=\"fusion-layout-column fusion_builder_column fusion-builder-column-1 fusion_builder_column_2_3 2_3 fusion-two-third fusion-column-last\" style=\"width:66.666666666667%;width:calc(66.666666666667% - ( ( 4% ) * 0.66666666666667 ) );margin-top:0px;margin-bottom:20px;\"><div class=\"fusion-column-wrapper fusion-flex-column-wrapper-legacy\" style=\"background-position:left top;background-repeat:no-repeat;-webkit-background-size:cover;-moz-background-size:cover;-o-background-size:cover;background-size:cover;padding: 0px 0px 0px 0px;\"><div class=\"fusion-clearfix\"><\/div><\/div><\/div><\/div><\/div><div class=\"fusion-fullwidth fullwidth-box fusion-builder-row-2 hundred-percent-fullwidth non-hundred-percent-height-scrolling fusion-equal-height-columns\" style=\"background-color: rgba(255,255,255,0);background-position: center center;background-repeat: no-repeat;padding-top:200px;padding-right:0px;padding-bottom:200px;padding-left:0px;margin-bottom: 0px;margin-top: 0px;border-width: 0px 0px 0px 0px;border-color:#eae9e9;border-style:solid;\" ><div class=\"fusion-builder-row fusion-row\"><div class=\"fusion-layout-column fusion_builder_column fusion-builder-column-2 fusion_builder_column_1_3 1_3 fusion-one-third fusion-column-first\" style=\"width:33.333333333333%;width:calc(33.333333333333% - ( ( 4% ) * 0.33333333333333 ) );margin-right: 4%;margin-top:0px;margin-bottom:20px;\"><div class=\"fusion-column-wrapper fusion-flex-column-wrapper-legacy\" style=\"background-position:left top;background-repeat:no-repeat;-webkit-background-size:cover;-moz-background-size:cover;-o-background-size:cover;background-size:cover;background-color:rgba(0,0,0,0.6);padding: 170px 70px 170px 70px;\"><div class=\"fusion-text fusion-text-2\"><p style=\"text-align: center;\"><span style=\"font-size: larger;\">Um ein optimales Ergebnis bei der Abstimmung komplexer Auto-Hifi-Anlagen zu erzielen, verwenden wir mittlerweile verschiedenste computergest\u00fctzte Me\u00dfsysteme, mit denen man die Fahrzeugakustik genauestens analysieren kann. <\/span><br \/>\n<span style=\"font-size: larger;\"><br \/>\nAuch die neuesten Fahrzeuge mit ihren integrierten Navigationsl\u00f6sungen k\u00f6nnen mit der richtigen Technik als Steuerzentrale f\u00fcr ein hochwertiges nachger\u00fcstetes Audiosystem genutzt werden.<\/span><br \/>\n<span style=\"font-size: larger;\"><br \/>\nMittlerweile geh\u00f6ren renommierte Tuner, wie z.B. die Firmen Carlsson und Novitec, sowie bekannte Spitzensportler und weitere Ber\u00fchmtheiten aus der ganzen Welt zu unserem Kundenkreis.<\/span><\/p>\n<\/div><div class=\"fusion-clearfix\"><\/div><\/div><\/div><div class=\"fusion-layout-column fusion_builder_column fusion-builder-column-3 fusion_builder_column_2_3 2_3 fusion-two-third fusion-column-last\" style=\"width:66.666666666667%;width:calc(66.666666666667% - ( ( 4% ) * 0.66666666666667 ) );margin-top:0px;margin-bottom:20px;\"><div class=\"fusion-column-wrapper fusion-flex-column-wrapper-legacy fusion-empty-column-bg-image fusion-empty-dims-bg-image\" style=\"background-image: url(&#039;https:\/\/automagie.de\/car-entertainment\/wp-content\/uploads\/sites\/3\/2017\/08\/Dodge-Charger.jpg&#039;);background-position:left top;background-repeat:no-repeat;-webkit-background-size:cover;-moz-background-size:cover;-o-background-size:cover;background-size:cover;padding: 0px 0px 0px 0px;\" data-bg-url=\"https:\/\/automagie.de\/car-entertainment\/wp-content\/uploads\/sites\/3\/2017\/08\/Dodge-Charger.jpg\"><img class=\"fusion-empty-dims-img-placeholder fusion-no-large-visibility\" src=\"data:image\/gif;base64,R0lGODlhAQABAAAAACH5BAEKAAEALAAAAAABAAEAAAICTAEAOw==\"><div class=\"fusion-clearfix\"><\/div><\/div><\/div><\/div><\/div><\/p>\n","protected":false},"excerpt":{"rendered":"","protected":false},"author":1,"featured_media":0,"parent":0,"menu_order":0,"comment_status":"closed","ping_status":"closed","template":"100-width.php","meta":[],"yoast_head":"<!-- This site is optimized with the Yoast SEO plugin v19.10 - https:\/\/yoast.com\/wordpress\/plugins\/seo\/ -->\n<title>Das Unternehmen - Automagie - Car Entertainment<\/title>\n<meta name=\"robots\" content=\"index, follow, max-snippet:-1, max-image-preview:large, max-video-preview:-1\" \/>\n<link rel=\"canonical\" href=\"https:\/\/automagie.de\/car-entertainment\/ueber-uns\/\" \/>\n<meta property=\"og:locale\" content=\"de_DE\" \/>\n<meta property=\"og:type\" content=\"article\" \/>\n<meta property=\"og:title\" content=\"Das Unternehmen - Automagie - Car Entertainment\" \/>\n<meta property=\"og:url\" content=\"https:\/\/automagie.de\/car-entertainment\/ueber-uns\/\" \/>\n<meta property=\"og:site_name\" content=\"Automagie - Car Entertainment\" \/>\n<meta property=\"article:modified_time\" content=\"2017-08-12T18:49:16+00:00\" \/>\n<meta name=\"twitter:card\" content=\"summary_large_image\" \/>\n<meta name=\"twitter:label1\" content=\"Gesch\u00e4tzte Lesezeit\" \/>\n\t<meta name=\"twitter:data1\" content=\"3\u00a0Minuten\" \/>\n<script type=\"application\/ld+json\" class=\"yoast-schema-graph\">{\"@context\":\"https:\/\/schema.org\",\"@graph\":[{\"@type\":\"WebPage\",\"@id\":\"https:\/\/automagie.de\/car-entertainment\/ueber-uns\/\",\"url\":\"https:\/\/automagie.de\/car-entertainment\/ueber-uns\/\",\"name\":\"Das Unternehmen - Automagie - Car Entertainment\",\"isPartOf\":{\"@id\":\"https:\/\/automagie.de\/car-entertainment\/#website\"},\"datePublished\":\"2017-03-01T20:13:03+00:00\",\"dateModified\":\"2017-08-12T18:49:16+00:00\",\"breadcrumb\":{\"@id\":\"https:\/\/automagie.de\/car-entertainment\/ueber-uns\/#breadcrumb\"},\"inLanguage\":\"de\",\"potentialAction\":[{\"@type\":\"ReadAction\",\"target\":[\"https:\/\/automagie.de\/car-entertainment\/ueber-uns\/\"]}]},{\"@type\":\"BreadcrumbList\",\"@id\":\"https:\/\/automagie.de\/car-entertainment\/ueber-uns\/#breadcrumb\",\"itemListElement\":[{\"@type\":\"ListItem\",\"position\":1,\"name\":\"Startseite\",\"item\":\"https:\/\/automagie.de\/car-entertainment\/\"},{\"@type\":\"ListItem\",\"position\":2,\"name\":\"Das Unternehmen\"}]},{\"@type\":\"WebSite\",\"@id\":\"https:\/\/automagie.de\/car-entertainment\/#website\",\"url\":\"https:\/\/automagie.de\/car-entertainment\/\",\"name\":\"Automagie - Car Entertainment\",\"description\":\"Eine weitere Automagie Websites Website\",\"potentialAction\":[{\"@type\":\"SearchAction\",\"target\":{\"@type\":\"EntryPoint\",\"urlTemplate\":\"https:\/\/automagie.de\/car-entertainment\/?s={search_term_string}\"},\"query-input\":\"required name=search_term_string\"}],\"inLanguage\":\"de\"}]}<\/script>\n<!-- \/ Yoast SEO plugin. -->","yoast_head_json":{"title":"Das Unternehmen - Automagie - Car Entertainment","robots":{"index":"index","follow":"follow","max-snippet":"max-snippet:-1","max-image-preview":"max-image-preview:large","max-video-preview":"max-video-preview:-1"},"canonical":"https:\/\/automagie.de\/car-entertainment\/ueber-uns\/","og_locale":"de_DE","og_type":"article","og_title":"Das Unternehmen - Automagie - Car Entertainment","og_url":"https:\/\/automagie.de\/car-entertainment\/ueber-uns\/","og_site_name":"Automagie - Car Entertainment","article_modified_time":"2017-08-12T18:49:16+00:00","twitter_card":"summary_large_image","twitter_misc":{"Gesch\u00e4tzte Lesezeit":"3\u00a0Minuten"},"schema":{"@context":"https:\/\/schema.org","@graph":[{"@type":"WebPage","@id":"https:\/\/automagie.de\/car-entertainment\/ueber-uns\/","url":"https:\/\/automagie.de\/car-entertainment\/ueber-uns\/","name":"Das Unternehmen - Automagie - Car Entertainment","isPartOf":{"@id":"https:\/\/automagie.de\/car-entertainment\/#website"},"datePublished":"2017-03-01T20:13:03+00:00","dateModified":"2017-08-12T18:49:16+00:00","breadcrumb":{"@id":"https:\/\/automagie.de\/car-entertainment\/ueber-uns\/#breadcrumb"},"inLanguage":"de","potentialAction":[{"@type":"ReadAction","target":["https:\/\/automagie.de\/car-entertainment\/ueber-uns\/"]}]},{"@type":"BreadcrumbList","@id":"https:\/\/automagie.de\/car-entertainment\/ueber-uns\/#breadcrumb","itemListElement":[{"@type":"ListItem","position":1,"name":"Startseite","item":"https:\/\/automagie.de\/car-entertainment\/"},{"@type":"ListItem","position":2,"name":"Das Unternehmen"}]},{"@type":"WebSite","@id":"https:\/\/automagie.de\/car-entertainment\/#website","url":"https:\/\/automagie.de\/car-entertainment\/","name":"Automagie - Car Entertainment","description":"Eine weitere Automagie Websites Website","potentialAction":[{"@type":"SearchAction","target":{"@type":"EntryPoint","urlTemplate":"https:\/\/automagie.de\/car-entertainment\/?s={search_term_string}"},"query-input":"required name=search_term_string"}],"inLanguage":"de"}]}},"_links":{"self":[{"href":"https:\/\/automagie.de\/car-entertainment\/wp-json\/wp\/v2\/pages\/10727"}],"collection":[{"href":"https:\/\/automagie.de\/car-entertainment\/wp-json\/wp\/v2\/pages"}],"about":[{"href":"https:\/\/automagie.de\/car-entertainment\/wp-json\/wp\/v2\/types\/page"}],"author":[{"embeddable":true,"href":"https:\/\/automagie.de\/car-entertainment\/wp-json\/wp\/v2\/users\/1"}],"replies":[{"embeddable":true,"href":"https:\/\/automagie.de\/car-entertainment\/wp-json\/wp\/v2\/comments?post=10727"}],"version-history":[{"count":38,"href":"https:\/\/automagie.de\/car-entertainment\/wp-json\/wp\/v2\/pages\/10727\/revisions"}],"predecessor-version":[{"id":11402,"href":"https:\/\/automagie.de\/car-entertainment\/wp-json\/wp\/v2\/pages\/10727\/revisions\/11402"}],"wp:attachment":[{"href":"https:\/\/automagie.de\/car-entertainment\/wp-json\/wp\/v2\/media?parent=10727"}],"curies":[{"name":"wp","href":"https:\/\/api.w.org\/{rel}","templated":true}]}}